{"id":480,"date":"2024-06-12T04:06:58","date_gmt":"2024-06-12T08:06:58","guid":{"rendered":"https:\/\/directlinkinsights.com\/?page_id=480"},"modified":"2024-10-31T10:19:10","modified_gmt":"2024-10-31T14:19:10","slug":"accueil","status":"publish","type":"page","link":"https:\/\/directlinkinsights.com\/fr\/","title":{"rendered":"Accueil"},"content":{"rendered":"<section id=\"block-0ef0964dc12395b4\" class=\"block block-hero-1 lazyload\" data-bg=\"https:\/\/directlinkinsights.com\/wp-content\/uploads\/2024\/07\/hero-image-5-scaled.avif\">\n        <div class=\"container block-hero-1--container theme-light\">\n        <div class=\"block-hero-1--body\">\n            \n            <h1 class=\"block-hero-1--heading\">Fournir des informations sur le march\u00e9.\u2028Stimuler la croissance.<\/h1>\n\n                            <div class=\"block-hero-1--intro entry-content\"><p>Direct Link est le chef de file de l\u2019information, des perspectives, des donn\u00e9es et des analyses sur le march\u00e9 canadien des services alimentaires. Gr\u00e2ce \u00e0 des partenaires distributeurs g\u00e9n\u00e9ralistes, Direct Link est la seule source de donn\u00e9es enti\u00e8rement bas\u00e9e sur la facturation pour l\u2019industrie canadienne des services alimentaires.<\/p>\n<\/div>\n            \n                            <div class=\"block-hero-1--buttons\">\n                                                                                            <a class=\"btn  btn--primary block-hero-1--btn\" href=\"https:\/\/directlinkinsights.com\/fr\/pourquoi-direct-link\/\" title=\"Pourquoi Direct Link\" target=\"\">\n                            Pourquoi Direct Link                        <\/a>\n                                                                                            <a class=\"btn  btn--reversed block-hero-1--btn\" href=\"https:\/\/directlinkinsights.com\/fr\/contactez-nous\/\" title=\"Contactez-nous\" target=\"\">\n                            Contactez-nous                        <\/a>\n                                    <\/div>\n                    <\/div>\n    <\/div>\n\n    <style>\n        @media (min-width: 60em) {\n            #block-0ef0964dc12395b4 .block-hero-1--body {\n                padding-top: 350px;                padding-bottom: 100px;            }\n        }\n    <\/style>\n<\/section>\n\n\n<section id=\"block-99a9bec4fff89f8f\" class=\"block block-intro-content image-position--right\">\n    <div class=\"container\">\n        <div class=\"block-intro-content--grid\">\n            <div class=\"block-intro-content--content-wrapper\" data-aos=\"fade-in\">\n                                    <h2 class=\"block-intro-content--heading\">Nous aidons nos clients \u00e0 :<\/h2>\n                \n                                    <div class=\"block-intro-content--content entry-content\"><ul>\n<li><strong>Comprendre le march\u00e9 des services alimentaires<\/strong><\/li>\n<li><strong>Mesurer la performance du march\u00e9<\/strong><\/li>\n<li><strong>Soutien de l\u2019analyse de la gestion des cat\u00e9gories<\/strong><\/li>\n<li><strong>Quantifier les opportunit\u00e9s commerciales<\/strong><\/li>\n<li><strong>Prendre des d\u00e9cisions \u00e9clair\u00e9es<\/strong><\/li>\n<\/ul>\n<p>Nous fournissons les informations analytiques et le soutien n\u00e9cessaires pour transformer les informations sur le march\u00e9 des services alimentaires en plans d\u2019action ax\u00e9s sur la strat\u00e9gie et en initiatives de vente fond\u00e9es sur des faits.<\/p>\n<\/div>\n                \n                            <\/div>\n\n            <div class=\"block-intro-content--image\" data-aos=\"fade-in\" data-aos-delay=\"300\">\n                                    <noscript><img decoding=\"async\" width=\"849\" height=\"544\" src=\"https:\/\/directlinkinsights.com\/wp-content\/uploads\/2024\/06\/pattern-bg-1.svg\" class alt><\/noscript><img decoding=\"async\" width=\"849\" height=\"544\" src=\"data:image\/svg+xml,%3Csvg%20xmlns%3D%22http%3A%2F%2Fwww.w3.org%2F2000%2Fsvg%22%20viewBox%3D%220%200%20849%20544%22%3E%3C%2Fsvg%3E\" class=\" lazyload\" alt data-src=\"https:\/\/directlinkinsights.com\/wp-content\/uploads\/2024\/06\/pattern-bg-1.svg\">                            <\/div>\n        <\/div>\n    <\/div>\n\n    <style>\n        #block-99a9bec4fff89f8f .block-intro-content--grid {\n            padding-top: 75px;                    }\n\n        @media (min-width:  60em) {\n            #block-99a9bec4fff89f8f .block-intro-content--content-wrapper {\n                width: 55%;\n            }\n\n            #block-99a9bec4fff89f8f .block-intro-content--image {\n                width: 55%;\n            }\n        }\n    <\/style>\n<\/section>\n","protected":false},"excerpt":{"rendered":"","protected":false},"author":4,"featured_media":0,"parent":0,"menu_order":0,"comment_status":"closed","ping_status":"open","template":"","meta":{"_acf_changed":true,"footnotes":""},"class_list":["post-480","page","type-page","status-publish","hentry"],"acf":[],"yoast_head":"<!-- This site is optimized with the Yoast SEO plugin v25.1 - https:\/\/yoast.com\/wordpress\/plugins\/seo\/ -->\n<title>Accueil - Direct Link<\/title>\n<meta name=\"robots\" content=\"index, follow, max-snippet:-1, max-image-preview:large, max-video-preview:-1\" \/>\n<link rel=\"canonical\" href=\"https:\/\/directlinkinsights.com\/fr\/\" \/>\n<meta property=\"og:locale\" content=\"fr_FR\" \/>\n<meta property=\"og:type\" content=\"article\" \/>\n<meta property=\"og:title\" content=\"Accueil - Direct Link\" \/>\n<meta property=\"og:url\" content=\"https:\/\/directlinkinsights.com\/fr\/\" \/>\n<meta property=\"og:site_name\" content=\"Direct Link\" \/>\n<meta property=\"article:modified_time\" content=\"2024-10-31T14:19:10+00:00\" \/>\n<meta name=\"twitter:card\" content=\"summary_large_image\" \/>\n<script type=\"application\/ld+json\" class=\"yoast-schema-graph\">{\"@context\":\"https:\/\/schema.org\",\"@graph\":[{\"@type\":\"WebPage\",\"@id\":\"https:\/\/directlinkinsights.com\/fr\/\",\"url\":\"https:\/\/directlinkinsights.com\/fr\/\",\"name\":\"Accueil - Direct Link\",\"isPartOf\":{\"@id\":\"https:\/\/directlinkinsights.com\/fr\/#website\"},\"datePublished\":\"2024-06-12T08:06:58+00:00\",\"dateModified\":\"2024-10-31T14:19:10+00:00\",\"breadcrumb\":{\"@id\":\"https:\/\/directlinkinsights.com\/fr\/#breadcrumb\"},\"inLanguage\":\"fr-FR\",\"potentialAction\":[{\"@type\":\"ReadAction\",\"target\":[\"https:\/\/directlinkinsights.com\/fr\/\"]}]},{\"@type\":\"BreadcrumbList\",\"@id\":\"https:\/\/directlinkinsights.com\/fr\/#breadcrumb\",\"itemListElement\":[{\"@type\":\"ListItem\",\"position\":1,\"name\":\"Home\",\"item\":\"https:\/\/directlinkinsights.com\/fr\/\"},{\"@type\":\"ListItem\",\"position\":2,\"name\":\"Accueil\"}]},{\"@type\":\"WebSite\",\"@id\":\"https:\/\/directlinkinsights.com\/fr\/#website\",\"url\":\"https:\/\/directlinkinsights.com\/fr\/\",\"name\":\"Direct Link\",\"description\":\"\",\"publisher\":{\"@id\":\"https:\/\/directlinkinsights.com\/fr\/#organization\"},\"potentialAction\":[{\"@type\":\"SearchAction\",\"target\":{\"@type\":\"EntryPoint\",\"urlTemplate\":\"https:\/\/directlinkinsights.com\/fr\/?s={search_term_string}\"},\"query-input\":{\"@type\":\"PropertyValueSpecification\",\"valueRequired\":true,\"valueName\":\"search_term_string\"}}],\"inLanguage\":\"fr-FR\"},{\"@type\":\"Organization\",\"@id\":\"https:\/\/directlinkinsights.com\/fr\/#organization\",\"name\":\"Direct Link\",\"url\":\"https:\/\/directlinkinsights.com\/fr\/\",\"logo\":{\"@type\":\"ImageObject\",\"inLanguage\":\"fr-FR\",\"@id\":\"https:\/\/directlinkinsights.com\/fr\/#\/schema\/logo\/image\/\",\"url\":\"https:\/\/directlinkinsights.com\/wp-content\/uploads\/2024\/07\/directLinkLogo.svg\",\"contentUrl\":\"https:\/\/directlinkinsights.com\/wp-content\/uploads\/2024\/07\/directLinkLogo.svg\",\"width\":228,\"height\":100,\"caption\":\"Direct Link\"},\"image\":{\"@id\":\"https:\/\/directlinkinsights.com\/fr\/#\/schema\/logo\/image\/\"}}]}<\/script>\n<!-- \/ Yoast SEO plugin. -->","yoast_head_json":{"title":"Accueil - Direct Link","robots":{"index":"index","follow":"follow","max-snippet":"max-snippet:-1","max-image-preview":"max-image-preview:large","max-video-preview":"max-video-preview:-1"},"canonical":"https:\/\/directlinkinsights.com\/fr\/","og_locale":"fr_FR","og_type":"article","og_title":"Accueil - Direct Link","og_url":"https:\/\/directlinkinsights.com\/fr\/","og_site_name":"Direct Link","article_modified_time":"2024-10-31T14:19:10+00:00","twitter_card":"summary_large_image","schema":{"@context":"https:\/\/schema.org","@graph":[{"@type":"WebPage","@id":"https:\/\/directlinkinsights.com\/fr\/","url":"https:\/\/directlinkinsights.com\/fr\/","name":"Accueil - Direct Link","isPartOf":{"@id":"https:\/\/directlinkinsights.com\/fr\/#website"},"datePublished":"2024-06-12T08:06:58+00:00","dateModified":"2024-10-31T14:19:10+00:00","breadcrumb":{"@id":"https:\/\/directlinkinsights.com\/fr\/#breadcrumb"},"inLanguage":"fr-FR","potentialAction":[{"@type":"ReadAction","target":["https:\/\/directlinkinsights.com\/fr\/"]}]},{"@type":"BreadcrumbList","@id":"https:\/\/directlinkinsights.com\/fr\/#breadcrumb","itemListElement":[{"@type":"ListItem","position":1,"name":"Home","item":"https:\/\/directlinkinsights.com\/fr\/"},{"@type":"ListItem","position":2,"name":"Accueil"}]},{"@type":"WebSite","@id":"https:\/\/directlinkinsights.com\/fr\/#website","url":"https:\/\/directlinkinsights.com\/fr\/","name":"Direct Link","description":"","publisher":{"@id":"https:\/\/directlinkinsights.com\/fr\/#organization"},"potentialAction":[{"@type":"SearchAction","target":{"@type":"EntryPoint","urlTemplate":"https:\/\/directlinkinsights.com\/fr\/?s={search_term_string}"},"query-input":{"@type":"PropertyValueSpecification","valueRequired":true,"valueName":"search_term_string"}}],"inLanguage":"fr-FR"},{"@type":"Organization","@id":"https:\/\/directlinkinsights.com\/fr\/#organization","name":"Direct Link","url":"https:\/\/directlinkinsights.com\/fr\/","logo":{"@type":"ImageObject","inLanguage":"fr-FR","@id":"https:\/\/directlinkinsights.com\/fr\/#\/schema\/logo\/image\/","url":"https:\/\/directlinkinsights.com\/wp-content\/uploads\/2024\/07\/directLinkLogo.svg","contentUrl":"https:\/\/directlinkinsights.com\/wp-content\/uploads\/2024\/07\/directLinkLogo.svg","width":228,"height":100,"caption":"Direct Link"},"image":{"@id":"https:\/\/directlinkinsights.com\/fr\/#\/schema\/logo\/image\/"}}]}},"_links":{"self":[{"href":"https:\/\/directlinkinsights.com\/fr\/wp-json\/wp\/v2\/pages\/480","targetHints":{"allow":["GET"]}}],"collection":[{"href":"https:\/\/directlinkinsights.com\/fr\/wp-json\/wp\/v2\/pages"}],"about":[{"href":"https:\/\/directlinkinsights.com\/fr\/wp-json\/wp\/v2\/types\/page"}],"author":[{"embeddable":true,"href":"https:\/\/directlinkinsights.com\/fr\/wp-json\/wp\/v2\/users\/4"}],"replies":[{"embeddable":true,"href":"https:\/\/directlinkinsights.com\/fr\/wp-json\/wp\/v2\/comments?post=480"}],"version-history":[{"count":0,"href":"https:\/\/directlinkinsights.com\/fr\/wp-json\/wp\/v2\/pages\/480\/revisions"}],"wp:attachment":[{"href":"https:\/\/directlinkinsights.com\/fr\/wp-json\/wp\/v2\/media?parent=480"}],"curies":[{"name":"wp","href":"https:\/\/api.w.org\/{rel}","templated":true}]}}