{"id":481,"date":"2024-06-12T04:40:25","date_gmt":"2024-06-12T08:40:25","guid":{"rendered":"https:\/\/directlinkinsights.com\/?page_id=481"},"modified":"2024-11-06T17:02:29","modified_gmt":"2024-11-06T22:02:29","slug":"a-propos-de-nous","status":"publish","type":"page","link":"https:\/\/directlinkinsights.com\/fr\/a-propos-de-nous\/","title":{"rendered":"\u00c0 propos de nous"},"content":{"rendered":"<section id=\"block-0ef0964dc12395b4\" class=\"block block-hero-2 lazyload\" data-bg=\"https:\/\/directlinkinsights.com\/wp-content\/uploads\/2024\/06\/hero-image-2-scaled.avif\">\n    <div class=\"container block-hero-2--container theme-light\">\n        <div class=\"block-hero-2--body\">\n            <h1 class=\"block-hero-2--heading\">\u00c0 propos de nous<\/h1>\n        <\/div>\n    <\/div>\n\n    <style>\n        #block-0ef0964dc12395b4 {\n                                }\n    <\/style>\n<\/section>\n\n\n<section id=\"block-99a9bec4fff89f8f\" class=\"block block-intro-content image-position--right\">\n    <div class=\"container\">\n        <div class=\"block-intro-content--grid\">\n            <div class=\"block-intro-content--content-wrapper\" data-aos=\"fade-in\">\n                                    <h2 class=\"block-intro-content--heading\">Le principal fournisseur canadien d\u2019informations sur le march\u00e9 des services alimentaires enti\u00e8rement bas\u00e9es sur la facturation<\/h2>\n                \n                                    <div class=\"block-intro-content--content entry-content\"><p>Nous aidons nos clients \u00e0 comprendre le march\u00e9, \u00e0 mesurer les performances du march\u00e9, \u00e0 soutenir l\u2019analyse de la gestion des cat\u00e9gories, \u00e0 quantifier les opportunit\u00e9s commerciales et \u00e0 prendre des d\u00e9cisions \u00e9clair\u00e9es.<\/p>\n<p>Nous travaillons en partenariat avec nos clients sur de nombreux aspects de leurs activit\u00e9s. Des ventes au marketing en passant par la gestion des cat\u00e9gories et les achats. Nous sommes le partenaire complet de nos clients lorsqu\u2019il s\u2019agit de leur entreprise des services alimentaires.<\/p>\n<\/div>\n                \n                            <\/div>\n\n            <div class=\"block-intro-content--image\" data-aos=\"fade-in\" data-aos-delay=\"300\">\n                                    <noscript><img decoding=\"async\" width=\"1650\" height=\"1056\" src=\"https:\/\/directlinkinsights.com\/wp-content\/uploads\/2024\/06\/pattern-bg-2.png\" class alt srcset=\"https:\/\/directlinkinsights.com\/wp-content\/uploads\/2024\/06\/pattern-bg-2.png 1650w, https:\/\/directlinkinsights.com\/wp-content\/uploads\/2024\/06\/pattern-bg-2-300x192.png 300w, https:\/\/directlinkinsights.com\/wp-content\/uploads\/2024\/06\/pattern-bg-2-768x492.png 768w, https:\/\/directlinkinsights.com\/wp-content\/uploads\/2024\/06\/pattern-bg-2-1024x655.png 1024w, https:\/\/directlinkinsights.com\/wp-content\/uploads\/2024\/06\/pattern-bg-2-1536x983.png 1536w\" sizes=\"(max-width: 1650px) 100vw, 1650px\"><\/noscript><img decoding=\"async\" width=\"1650\" height=\"1056\" src=\"data:image\/svg+xml,%3Csvg%20xmlns%3D%22http%3A%2F%2Fwww.w3.org%2F2000%2Fsvg%22%20viewBox%3D%220%200%201650%201056%22%3E%3C%2Fsvg%3E\" class=\" lazyload\" alt srcset=\"data:image\/svg+xml,%3Csvg%20xmlns%3D%22http%3A%2F%2Fwww.w3.org%2F2000%2Fsvg%22%20viewBox%3D%220%200%201650%201056%22%3E%3C%2Fsvg%3E 1650w\" sizes=\"(max-width: 1650px) 100vw, 1650px\" data-srcset=\"https:\/\/directlinkinsights.com\/wp-content\/uploads\/2024\/06\/pattern-bg-2.png 1650w, https:\/\/directlinkinsights.com\/wp-content\/uploads\/2024\/06\/pattern-bg-2-300x192.png 300w, https:\/\/directlinkinsights.com\/wp-content\/uploads\/2024\/06\/pattern-bg-2-768x492.png 768w, https:\/\/directlinkinsights.com\/wp-content\/uploads\/2024\/06\/pattern-bg-2-1024x655.png 1024w, https:\/\/directlinkinsights.com\/wp-content\/uploads\/2024\/06\/pattern-bg-2-1536x983.png 1536w\" data-src=\"https:\/\/directlinkinsights.com\/wp-content\/uploads\/2024\/06\/pattern-bg-2.png\">                            <\/div>\n        <\/div>\n    <\/div>\n\n    <style>\n        #block-99a9bec4fff89f8f .block-intro-content--grid {\n            padding-top: 76px;            padding-bottom: 34px;        }\n\n        @media (min-width:  60em) {\n            #block-99a9bec4fff89f8f .block-intro-content--content-wrapper {\n                width: 55%;\n            }\n\n            #block-99a9bec4fff89f8f .block-intro-content--image {\n                width: 55%;\n            }\n        }\n    <\/style>\n<\/section>\n\n\n<section id=\"block-45a7939f898e2260\" class=\"block block-side-by-side-cards-3\">\n    <div class=\"container\">\n        <h2 class=\"block-side-by-side-cards-3--heading\">Valeurs<\/h2>\n\n        <div class=\"block-side-by-side-cards-3--cards\">\n                                                            <div class=\"block-side-by-side-cards-3--card\" data-aos=\"fade-in\" data-aos-delay=\"0\">\n                    <h3 class=\"block-side-by-side-cards-3--card-heading\">FIABLE<\/h3>\n                    <div class=\"block-side-by-side-cards-3--card-content entry-content\">\n                        <p>Le seul fournisseur de donn\u00e9es et d\u2019analyses enti\u00e8rement bas\u00e9es sur la facturation au Canada. Cela signifie que vous obtenez des informations factuelles. Pas de donn\u00e9es de sondage ou d\u2019opinion \u2013 toujours fiables et pr\u00e9cises.<\/p>\n                    <\/div>\n                <\/div>\n                                                            <div class=\"block-side-by-side-cards-3--card\" data-aos=\"fade-in\" data-aos-delay=\"300\">\n                    <h3 class=\"block-side-by-side-cards-3--card-heading\">ATTENTIONN\u00c9<\/h3>\n                    <div class=\"block-side-by-side-cards-3--card-content entry-content\">\n                        <p>Il ne s\u2019agit pas d\u2019une transaction&#8230; C\u2019est un partenariat. Nos donn\u00e9es vous aideront \u00e0 prendre des d\u00e9cisions \u00e9clair\u00e9es et \u00e0 d\u00e9velopper votre entreprise. Avec un acc\u00e8s illimit\u00e9 \u00e0 notre \u00e9quipe d\u2019analyse \u00e0 service complet, consid\u00e9rez-nous comme une extension de votre \u00e9quipe. Nous vous aidons \u00e0 comprendre et \u00e0 tirer parti des conditions et des tendances du march\u00e9.<\/p>\n                    <\/div>\n                <\/div>\n                                                            <div class=\"block-side-by-side-cards-3--card\" data-aos=\"fade-in\" data-aos-delay=\"600\">\n                    <h3 class=\"block-side-by-side-cards-3--card-heading\">CONFIANCE<\/h3>\n                    <div class=\"block-side-by-side-cards-3--card-content entry-content\">\n                        <p>Nous prenons notre responsabilit\u00e9 \u00e9thique tr\u00e8s au s\u00e9rieux. La protection de nos partenaires est au c\u0153ur de tout ce que nous faisons. Nous nous engageons \u00e0 fournir les donn\u00e9es les plus pr\u00e9cises disponibles tout en veillant \u00e0 ce que les donn\u00e9es exclusives restent s\u00e9curis\u00e9es.<\/p>\n                    <\/div>\n                <\/div>\n                    <\/div>\n\n                    <div class=\"block-button\">\n                <a href=\"https:\/\/directlinkinsights.com\/fr\/contactez-nous\/\" target=\"\" class=\"btn btn--icon-info btn--primary block-side-by-side-cards-3--button\">D\u00e9couvrez comment les donn\u00e9es peuvent aider votre entreprise \u00e0 cro\u00eetre<\/a>\n            <\/div>\n            <\/div>\n\n    <style>\n        #block-45a7939f898e2260 {\n            padding-top: 40px;                    }\n    <\/style>\n<\/section>\n\n\n<section id=\"block-ff1ff0f4875fecb0\" class=\"block block-flip-grid-1 block-flip-grid-1--image-left block-flip-grid-1--bg-colour2\">\n    <div class=\"block-flip-grid-1--grid\">\n                    <div class=\"block-flip-grid-1--column block-flip-grid-1--image align-items-center\" data-aos=\"fade-in\" data-aos-delay=\"0\">\n                <noscript><img decoding=\"async\" width=\"2482\" height=\"2560\" src=\"https:\/\/directlinkinsights.com\/wp-content\/uploads\/2024\/08\/direct-link-about-us-1-scaled.avif\" class alt srcset=\"https:\/\/directlinkinsights.com\/wp-content\/uploads\/2024\/08\/direct-link-about-us-1-scaled.avif 2482w, https:\/\/directlinkinsights.com\/wp-content\/uploads\/2024\/08\/direct-link-about-us-1-291x300.avif 291w, https:\/\/directlinkinsights.com\/wp-content\/uploads\/2024\/08\/direct-link-about-us-1-993x1024.avif 993w, https:\/\/directlinkinsights.com\/wp-content\/uploads\/2024\/08\/direct-link-about-us-1-768x792.avif 768w, https:\/\/directlinkinsights.com\/wp-content\/uploads\/2024\/08\/direct-link-about-us-1-1489x1536.avif 1489w, https:\/\/directlinkinsights.com\/wp-content\/uploads\/2024\/08\/direct-link-about-us-1-1986x2048.avif 1986w\" sizes=\"(max-width: 2482px) 100vw, 2482px\"><\/noscript><img decoding=\"async\" width=\"2482\" height=\"2560\" src=\"data:image\/svg+xml,%3Csvg%20xmlns%3D%22http%3A%2F%2Fwww.w3.org%2F2000%2Fsvg%22%20viewBox%3D%220%200%202482%202560%22%3E%3C%2Fsvg%3E\" class=\" lazyload\" alt srcset=\"data:image\/svg+xml,%3Csvg%20xmlns%3D%22http%3A%2F%2Fwww.w3.org%2F2000%2Fsvg%22%20viewBox%3D%220%200%202482%202560%22%3E%3C%2Fsvg%3E 2482w\" sizes=\"(max-width: 2482px) 100vw, 2482px\" data-srcset=\"https:\/\/directlinkinsights.com\/wp-content\/uploads\/2024\/08\/direct-link-about-us-1-scaled.avif 2482w, https:\/\/directlinkinsights.com\/wp-content\/uploads\/2024\/08\/direct-link-about-us-1-291x300.avif 291w, https:\/\/directlinkinsights.com\/wp-content\/uploads\/2024\/08\/direct-link-about-us-1-993x1024.avif 993w, https:\/\/directlinkinsights.com\/wp-content\/uploads\/2024\/08\/direct-link-about-us-1-768x792.avif 768w, https:\/\/directlinkinsights.com\/wp-content\/uploads\/2024\/08\/direct-link-about-us-1-1489x1536.avif 1489w, https:\/\/directlinkinsights.com\/wp-content\/uploads\/2024\/08\/direct-link-about-us-1-1986x2048.avif 1986w\" data-src=\"https:\/\/directlinkinsights.com\/wp-content\/uploads\/2024\/08\/direct-link-about-us-1-scaled.avif\">            <\/div>\n        \n                    <div class=\"block-flip-grid-1--column block-flip-grid-1--content align-items-center\" data-aos=\"fade-in\" data-aos-delay=\"300\">\n                <div class=\"container\">\n                    <div class=\"block-content--inner\">\n                        <div class=\"block-content\">\n                            <div class=\"entry-content\">\n                                <h2>Une soci\u00e9t\u00e9 NMG<\/h2>\n<h3 class=\"h4\">Direct Link est une soci\u00e9t\u00e9 NMG<\/h3>\n<p>New Market Group (NMG), bas\u00e9 \u00e0 Newmarket (Ontario), fait partie du premier portefeuille de groupes de marketing en Am\u00e9rique du Nord. Compos\u00e9e de groupes de marketing dans les secteurs des services alimentaires, de l\u2019approvisionnement industriel, de l\u2019\u00e9clairage, de la d\u00e9coration int\u00e9rieure et de l\u2019\u00e9quipement de construction, NMG dispose de :<\/p>\n<ul>\n<li><strong>Plus de 750 partenaires fournisseurs<\/strong><\/li>\n<li><strong>Plus de 1\u202f050 concessionnaires, distributeurs et membres de salles d\u2019exposition<\/strong><\/li>\n<li><strong>Plus de 45 ans d\u2019expertise dans l\u2019industrie<\/strong><\/li>\n<\/ul>\n<p>Depuis 1978, NMG entretient des relations \u00e9troites avec les principaux acteurs de l\u2019industrie. Notre \u00e9quipe de gestion de longue date fournit des ressources et des conseils dans le seul but d\u2019accro\u00eetre la rentabilit\u00e9 des membres et d\u2019augmenter les volumes de ventes des partenaires fournisseurs.<\/p>\n<p>NMG conna\u00eet bien le march\u00e9 mondial et son impact sur les industries dans lesquelles elle exerce ses activit\u00e9s. En outre, NMG g\u00e8re une division d\u2019information sur les march\u00e9s et offre des services de marketing adapt\u00e9s \u00e0 votre secteur d\u2019activit\u00e9 sp\u00e9cifique, donnant \u00e0 votre entreprise les outils n\u00e9cessaires pour rester comp\u00e9titive.<\/p>\n                            <\/div>\n\n                                                            <div class=\"block-button\">\n                                    <a href=\"https:\/\/newmarketgroup.com\/fr\/\" class=\"btn btn--icon-info btn--primary\" target=\"\">En savoir plus<\/a>\n                                <\/div>\n                                                    <\/div>\n                    <\/div>\n                <\/div>\n            <\/div>\n            <\/div>\n\n    <style>\n        #block-ff1ff0f4875fecb0 .block-content {\n                                }\n    <\/style>\n<\/section>\n","protected":false},"excerpt":{"rendered":"","protected":false},"author":4,"featured_media":0,"parent":0,"menu_order":0,"comment_status":"closed","ping_status":"closed","template":"","meta":{"_acf_changed":true,"footnotes":""},"class_list":["post-481","page","type-page","status-publish","hentry"],"acf":[],"yoast_head":"<!-- This site is optimized with the Yoast SEO plugin v25.1 - https:\/\/yoast.com\/wordpress\/plugins\/seo\/ -->\n<title>\u00c0 propos de nous - Direct Link<\/title>\n<meta name=\"robots\" content=\"index, follow, max-snippet:-1, max-image-preview:large, max-video-preview:-1\" \/>\n<link rel=\"canonical\" href=\"https:\/\/directlinkinsights.com\/fr\/a-propos-de-nous\/\" \/>\n<meta property=\"og:locale\" content=\"fr_FR\" \/>\n<meta property=\"og:type\" content=\"article\" \/>\n<meta property=\"og:title\" content=\"\u00c0 propos de nous - Direct Link\" \/>\n<meta property=\"og:url\" content=\"https:\/\/directlinkinsights.com\/fr\/a-propos-de-nous\/\" \/>\n<meta property=\"og:site_name\" content=\"Direct Link\" \/>\n<meta property=\"article:modified_time\" content=\"2024-11-06T22:02:29+00:00\" \/>\n<meta name=\"twitter:card\" content=\"summary_large_image\" \/>\n<script type=\"application\/ld+json\" class=\"yoast-schema-graph\">{\"@context\":\"https:\/\/schema.org\",\"@graph\":[{\"@type\":\"WebPage\",\"@id\":\"https:\/\/directlinkinsights.com\/fr\/a-propos-de-nous\/\",\"url\":\"https:\/\/directlinkinsights.com\/fr\/a-propos-de-nous\/\",\"name\":\"\u00c0 propos de nous - Direct Link\",\"isPartOf\":{\"@id\":\"https:\/\/directlinkinsights.com\/fr\/#website\"},\"datePublished\":\"2024-06-12T08:40:25+00:00\",\"dateModified\":\"2024-11-06T22:02:29+00:00\",\"breadcrumb\":{\"@id\":\"https:\/\/directlinkinsights.com\/fr\/a-propos-de-nous\/#breadcrumb\"},\"inLanguage\":\"fr-FR\",\"potentialAction\":[{\"@type\":\"ReadAction\",\"target\":[\"https:\/\/directlinkinsights.com\/fr\/a-propos-de-nous\/\"]}]},{\"@type\":\"BreadcrumbList\",\"@id\":\"https:\/\/directlinkinsights.com\/fr\/a-propos-de-nous\/#breadcrumb\",\"itemListElement\":[{\"@type\":\"ListItem\",\"position\":1,\"name\":\"Home\",\"item\":\"https:\/\/directlinkinsights.com\/fr\/\"},{\"@type\":\"ListItem\",\"position\":2,\"name\":\"\u00c0 propos de nous\"}]},{\"@type\":\"WebSite\",\"@id\":\"https:\/\/directlinkinsights.com\/fr\/#website\",\"url\":\"https:\/\/directlinkinsights.com\/fr\/\",\"name\":\"Direct Link\",\"description\":\"\",\"publisher\":{\"@id\":\"https:\/\/directlinkinsights.com\/fr\/#organization\"},\"potentialAction\":[{\"@type\":\"SearchAction\",\"target\":{\"@type\":\"EntryPoint\",\"urlTemplate\":\"https:\/\/directlinkinsights.com\/fr\/?s={search_term_string}\"},\"query-input\":{\"@type\":\"PropertyValueSpecification\",\"valueRequired\":true,\"valueName\":\"search_term_string\"}}],\"inLanguage\":\"fr-FR\"},{\"@type\":\"Organization\",\"@id\":\"https:\/\/directlinkinsights.com\/fr\/#organization\",\"name\":\"Direct Link\",\"url\":\"https:\/\/directlinkinsights.com\/fr\/\",\"logo\":{\"@type\":\"ImageObject\",\"inLanguage\":\"fr-FR\",\"@id\":\"https:\/\/directlinkinsights.com\/fr\/#\/schema\/logo\/image\/\",\"url\":\"https:\/\/directlinkinsights.com\/wp-content\/uploads\/2024\/07\/directLinkLogo.svg\",\"contentUrl\":\"https:\/\/directlinkinsights.com\/wp-content\/uploads\/2024\/07\/directLinkLogo.svg\",\"width\":228,\"height\":100,\"caption\":\"Direct Link\"},\"image\":{\"@id\":\"https:\/\/directlinkinsights.com\/fr\/#\/schema\/logo\/image\/\"}}]}<\/script>\n<!-- \/ Yoast SEO plugin. -->","yoast_head_json":{"title":"\u00c0 propos de nous - Direct Link","robots":{"index":"index","follow":"follow","max-snippet":"max-snippet:-1","max-image-preview":"max-image-preview:large","max-video-preview":"max-video-preview:-1"},"canonical":"https:\/\/directlinkinsights.com\/fr\/a-propos-de-nous\/","og_locale":"fr_FR","og_type":"article","og_title":"\u00c0 propos de nous - Direct Link","og_url":"https:\/\/directlinkinsights.com\/fr\/a-propos-de-nous\/","og_site_name":"Direct Link","article_modified_time":"2024-11-06T22:02:29+00:00","twitter_card":"summary_large_image","schema":{"@context":"https:\/\/schema.org","@graph":[{"@type":"WebPage","@id":"https:\/\/directlinkinsights.com\/fr\/a-propos-de-nous\/","url":"https:\/\/directlinkinsights.com\/fr\/a-propos-de-nous\/","name":"\u00c0 propos de nous - Direct Link","isPartOf":{"@id":"https:\/\/directlinkinsights.com\/fr\/#website"},"datePublished":"2024-06-12T08:40:25+00:00","dateModified":"2024-11-06T22:02:29+00:00","breadcrumb":{"@id":"https:\/\/directlinkinsights.com\/fr\/a-propos-de-nous\/#breadcrumb"},"inLanguage":"fr-FR","potentialAction":[{"@type":"ReadAction","target":["https:\/\/directlinkinsights.com\/fr\/a-propos-de-nous\/"]}]},{"@type":"BreadcrumbList","@id":"https:\/\/directlinkinsights.com\/fr\/a-propos-de-nous\/#breadcrumb","itemListElement":[{"@type":"ListItem","position":1,"name":"Home","item":"https:\/\/directlinkinsights.com\/fr\/"},{"@type":"ListItem","position":2,"name":"\u00c0 propos de nous"}]},{"@type":"WebSite","@id":"https:\/\/directlinkinsights.com\/fr\/#website","url":"https:\/\/directlinkinsights.com\/fr\/","name":"Direct Link","description":"","publisher":{"@id":"https:\/\/directlinkinsights.com\/fr\/#organization"},"potentialAction":[{"@type":"SearchAction","target":{"@type":"EntryPoint","urlTemplate":"https:\/\/directlinkinsights.com\/fr\/?s={search_term_string}"},"query-input":{"@type":"PropertyValueSpecification","valueRequired":true,"valueName":"search_term_string"}}],"inLanguage":"fr-FR"},{"@type":"Organization","@id":"https:\/\/directlinkinsights.com\/fr\/#organization","name":"Direct Link","url":"https:\/\/directlinkinsights.com\/fr\/","logo":{"@type":"ImageObject","inLanguage":"fr-FR","@id":"https:\/\/directlinkinsights.com\/fr\/#\/schema\/logo\/image\/","url":"https:\/\/directlinkinsights.com\/wp-content\/uploads\/2024\/07\/directLinkLogo.svg","contentUrl":"https:\/\/directlinkinsights.com\/wp-content\/uploads\/2024\/07\/directLinkLogo.svg","width":228,"height":100,"caption":"Direct Link"},"image":{"@id":"https:\/\/directlinkinsights.com\/fr\/#\/schema\/logo\/image\/"}}]}},"_links":{"self":[{"href":"https:\/\/directlinkinsights.com\/fr\/wp-json\/wp\/v2\/pages\/481","targetHints":{"allow":["GET"]}}],"collection":[{"href":"https:\/\/directlinkinsights.com\/fr\/wp-json\/wp\/v2\/pages"}],"about":[{"href":"https:\/\/directlinkinsights.com\/fr\/wp-json\/wp\/v2\/types\/page"}],"author":[{"embeddable":true,"href":"https:\/\/directlinkinsights.com\/fr\/wp-json\/wp\/v2\/users\/4"}],"replies":[{"embeddable":true,"href":"https:\/\/directlinkinsights.com\/fr\/wp-json\/wp\/v2\/comments?post=481"}],"version-history":[{"count":0,"href":"https:\/\/directlinkinsights.com\/fr\/wp-json\/wp\/v2\/pages\/481\/revisions"}],"wp:attachment":[{"href":"https:\/\/directlinkinsights.com\/fr\/wp-json\/wp\/v2\/media?parent=481"}],"curies":[{"name":"wp","href":"https:\/\/api.w.org\/{rel}","templated":true}]}}