{"id":483,"date":"2024-06-12T04:45:28","date_gmt":"2024-06-12T08:45:28","guid":{"rendered":"https:\/\/directlinkinsights.com\/?page_id=483"},"modified":"2025-07-10T09:06:58","modified_gmt":"2025-07-10T13:06:58","slug":"contactez-nous","status":"publish","type":"page","link":"https:\/\/directlinkinsights.com\/fr\/contactez-nous\/","title":{"rendered":"Contactez-nous"},"content":{"rendered":"<section id=\"block-0ef0964dc12395b4\" class=\"block block-hero-2 lazyload\" data-bg=\"https:\/\/directlinkinsights.com\/wp-content\/uploads\/2024\/06\/hero-image-4-scaled.avif\">\n    <div class=\"container block-hero-2--container theme-light\">\n        <div class=\"block-hero-2--body\">\n            <h1 class=\"block-hero-2--heading\">Contactez-nous<\/h1>\n        <\/div>\n    <\/div>\n\n    <style>\n        #block-0ef0964dc12395b4 {\n                                }\n    <\/style>\n<\/section>\n\n\n<section id=\"block-99a9bec4fff89f8f\" class=\"block block-contact-cards\">\n    <div class=\"container\">\n        <div class=\"block-contact-cards--content\">\n            <div class=\"block-content--inner\">\n                <div class=\"block-contact-cards--heading\">\n                    <h2>Acc\u00e9dez \u00e0 des donn\u00e9es fiables pour aider votre entreprise \u00e0 se d\u00e9velopper Adresse postale<\/h2>\n                <\/div>\n                            <\/div>\n        <\/div>\n\n        <div class=\"block-contact-cards--cards\">\n            <div class=\"block-contact-cards--card\">\n                <div class=\"block-contact-cards--info\">\n                                                                    <div class=\"item-contact\">\n                            <h4 class=\"item-heading\">Adresse postale<\/h4>\n                                                            <span class=\"entry-content item-contact--value\"><p>200 Davis Drive\u2028<br \/>\nNewmarket, ON L3Y 2N4<\/p>\n<\/span>\n                                                    <\/div>\n                                                                    <div class=\"item-contact\">\n                            <h4 class=\"item-heading\">Adresse du bureau<\/h4>\n                                                            <span class=\"entry-content item-contact--value\"><p>16775 Yonge Street, Unit 225<br \/>\n\u2028Newmarket, ON L3Y 8J4<\/p>\n<\/span>\n                                                    <\/div>\n                                                                    <div class=\"item-contact\">\n                            <h4 class=\"item-heading\">Coordonn\u00e9es<\/h4>\n                                                            <span class=\"entry-content item-contact--value\"><p><a class=\"link-external\" href=\"tel:9058984964,257\" target=\"_blank\" rel=\"noopener\">905-898-4964 poste 257<\/a><\/p>\n<p><a class=\"link-external\" href=\"mailto:info@directlinkinsights.com\" target=\"_blank\" rel=\"noopener\">info@directlinkinsights.com<\/a><\/p>\n<\/span>\n                                                    <\/div>\n                                    <\/div>\n            <\/div>\n        <\/div>\n    <\/div>\n\n    <style>\n        #block-99a9bec4fff89f8f {\n                                }\n    <\/style>\n<\/section>\n\n\n<section id=\"block-45a7939f898e2260\" class=\"block block-contact-form\">\n    <div class=\"block-contact-form--content text-center\">\n        <div class=\"block-content\">\n            <div class=\"container\">\n                <div class=\"block-content--inner\">\n                    <div class=\"block-header\">\n                        <h2 class=\"block-header--header-text\">Formulaire de demande<\/h2>\n                    <\/div>\n                    <div class=\"block-text entry-content\">\n                                            <\/div>\n                <\/div>\n            <\/div>\n        <\/div>\n    <\/div>\n\n    <div class=\"block-contact-form--form\">\n        \n<div class=\"wpcf7 no-js\" id=\"wpcf7-f485-o1\" lang=\"fr-FR\" dir=\"ltr\" data-wpcf7-id=\"485\">\n<div class=\"screen-reader-response\"><p role=\"status\" aria-live=\"polite\" aria-atomic=\"true\"><\/p> <ul><\/ul><\/div>\n<form action=\"\/fr\/wp-json\/wp\/v2\/pages\/483#wpcf7-f485-o1\" method=\"post\" class=\"wpcf7-form init\" aria-label=\"Contact form\" novalidate=\"novalidate\" data-status=\"init\">\n<fieldset class=\"hidden-fields-container\"><input type=\"hidden\" name=\"_wpcf7\" value=\"485\" \/><input type=\"hidden\" name=\"_wpcf7_version\" value=\"6.1.5\" \/><input type=\"hidden\" name=\"_wpcf7_locale\" value=\"fr_FR\" \/><input type=\"hidden\" name=\"_wpcf7_unit_tag\" value=\"wpcf7-f485-o1\" \/><input type=\"hidden\" name=\"_wpcf7_container_post\" value=\"0\" \/><input type=\"hidden\" name=\"_wpcf7_posted_data_hash\" value=\"\" \/><input type=\"hidden\" name=\"_wpcf7_recaptcha_response\" value=\"\" \/>\n<\/fieldset>\n<div class=\"form-group\">\n  <label for=\"your-first-name\">Pr\u00e9nom<\/label>\n  <div class=\"form-control\"><span class=\"wpcf7-form-control-wrap\" data-name=\"your-first-name\"><input size=\"40\" maxlength=\"400\" class=\"wpcf7-form-control wpcf7-text wpcf7-validates-as-required\" id=\"your-first-name\" aria-required=\"true\" aria-invalid=\"false\" value=\"\" type=\"text\" name=\"your-first-name\" \/><\/span><\/div>\n<\/div>\n\n<div class=\"form-group\">\n  <label for=\"your-last-name\">Nom de famille<\/label>\n  <div class=\"form-control\"><span class=\"wpcf7-form-control-wrap\" data-name=\"your-last-name\"><input size=\"40\" maxlength=\"400\" class=\"wpcf7-form-control wpcf7-text wpcf7-validates-as-required\" id=\"your-last-name\" aria-required=\"true\" aria-invalid=\"false\" value=\"\" type=\"text\" name=\"your-last-name\" \/><\/span><\/div>\n<\/div>\n\n<div class=\"form-group\">\n  <label for=\"your-email\">Courriel<\/label>\n  <div class=\"form-control\"><span class=\"wpcf7-form-control-wrap\" data-name=\"your-email\"><input size=\"40\" maxlength=\"400\" class=\"wpcf7-form-control wpcf7-email wpcf7-validates-as-required wpcf7-text wpcf7-validates-as-email\" id=\"your-email\" aria-required=\"true\" aria-invalid=\"false\" value=\"\" type=\"email\" name=\"your-email\" \/><\/span><\/div>\n<\/div>\n\n<div class=\"form-group\">\n  <label for=\"your-company-name\">Nom de l\u2019entreprise<\/label>\n  <div class=\"form-control\"><span class=\"wpcf7-form-control-wrap\" data-name=\"your-company-name\"><input size=\"40\" maxlength=\"400\" class=\"wpcf7-form-control wpcf7-text wpcf7-validates-as-required\" id=\"your-company-name\" aria-required=\"true\" aria-invalid=\"false\" value=\"\" type=\"text\" name=\"your-company-name\" \/><\/span><\/div>\n<\/div>\n\n<div class=\"form-group\">\n  <label for=\"your-phone\">T\u00e9l\u00e9phone<\/label>\n  <div class=\"form-control\"><span class=\"wpcf7-form-control-wrap\" data-name=\"your-phone\"><input size=\"40\" maxlength=\"400\" class=\"wpcf7-form-control wpcf7-tel wpcf7-text wpcf7-validates-as-tel\" id=\"your-phone\" aria-invalid=\"false\" value=\"\" type=\"tel\" name=\"your-phone\" \/><\/span><\/div>\n<\/div>\n\n<div class=\"form-group\">\n  <label for=\"your-message\">Message<\/label>\n  <div class=\"form-control\"><span class=\"wpcf7-form-control-wrap\" data-name=\"your-message\"><textarea cols=\"40\" rows=\"3\" maxlength=\"2000\" class=\"wpcf7-form-control wpcf7-textarea wpcf7-validates-as-required\" id=\"your-message\" aria-required=\"true\" aria-invalid=\"false\" name=\"your-message\"><\/textarea><\/span><\/div>\n<\/div>\n\n<div class=\"form-group\">\n    <span class=\"wpcf7-form-control-wrap\" data-name=\"acceptance-newsletter\"><span class=\"wpcf7-form-control wpcf7-acceptance optional\"><span class=\"wpcf7-list-item\"><label><input type=\"checkbox\" name=\"acceptance-newsletter\" value=\"1\" class=\"acceptance-newsletter\" id=\"acceptance-newsletter\" aria-invalid=\"false\" \/><span class=\"wpcf7-list-item-label\">Oui, je souhaite recevoir les derni\u00e8res nouvelles et du mat\u00e9riel promotionnel<\/span><\/label><\/span><\/span><\/span>\n<\/div>\n\n<div class=\"form-actions\">\n  <button type=\"submit\" class=\"btn\"> Soumettre <\/button>\n<\/div>\n\n<span id=\"wpcf7-69f249d787a2e-wrapper\" class=\"wpcf7-form-control-wrap email-733-wrap\" style=\"display:none !important; visibility:hidden !important;\"><input type=\"hidden\" name=\"email-733-time-start\" value=\"1777486295\"><input type=\"hidden\" name=\"email-733-time-check\" value=\"4\"><label for=\"wpcf7-69f249d787a2e-field\" class=\"hp-message\">Please leave this field empty.<\/label><input id=\"wpcf7-69f249d787a2e-field\"  class=\"wpcf7-form-control wpcf7-text\" type=\"text\" name=\"email-733\" value=\"\" size=\"40\" tabindex=\"-1\" autocomplete=\"new-password\" \/><\/span><div class=\"wpcf7-response-output\" aria-hidden=\"true\"><\/div>\n<\/form>\n<\/div>\n    <\/div>\n\n    <style>\n        #block-45a7939f898e2260 {\n                                }\n    <\/style>\n<\/section>\n","protected":false},"excerpt":{"rendered":"","protected":false},"author":4,"featured_media":0,"parent":0,"menu_order":0,"comment_status":"closed","ping_status":"closed","template":"","meta":{"_acf_changed":true,"footnotes":""},"class_list":["post-483","page","type-page","status-publish","hentry"],"acf":[],"yoast_head":"<!-- This site is optimized with the Yoast SEO plugin v25.1 - https:\/\/yoast.com\/wordpress\/plugins\/seo\/ -->\n<title>Contactez-nous - Direct Link<\/title>\n<meta name=\"robots\" content=\"index, follow, max-snippet:-1, max-image-preview:large, max-video-preview:-1\" \/>\n<link rel=\"canonical\" href=\"https:\/\/directlinkinsights.com\/fr\/contactez-nous\/\" \/>\n<meta property=\"og:locale\" content=\"fr_FR\" \/>\n<meta property=\"og:type\" content=\"article\" \/>\n<meta property=\"og:title\" content=\"Contactez-nous - Direct Link\" \/>\n<meta property=\"og:url\" content=\"https:\/\/directlinkinsights.com\/fr\/contactez-nous\/\" \/>\n<meta property=\"og:site_name\" content=\"Direct Link\" \/>\n<meta property=\"article:modified_time\" content=\"2025-07-10T13:06:58+00:00\" \/>\n<meta name=\"twitter:card\" content=\"summary_large_image\" \/>\n<script type=\"application\/ld+json\" class=\"yoast-schema-graph\">{\"@context\":\"https:\/\/schema.org\",\"@graph\":[{\"@type\":\"WebPage\",\"@id\":\"https:\/\/directlinkinsights.com\/fr\/contactez-nous\/\",\"url\":\"https:\/\/directlinkinsights.com\/fr\/contactez-nous\/\",\"name\":\"Contactez-nous - Direct Link\",\"isPartOf\":{\"@id\":\"https:\/\/directlinkinsights.com\/fr\/#website\"},\"datePublished\":\"2024-06-12T08:45:28+00:00\",\"dateModified\":\"2025-07-10T13:06:58+00:00\",\"breadcrumb\":{\"@id\":\"https:\/\/directlinkinsights.com\/fr\/contactez-nous\/#breadcrumb\"},\"inLanguage\":\"fr-FR\",\"potentialAction\":[{\"@type\":\"ReadAction\",\"target\":[\"https:\/\/directlinkinsights.com\/fr\/contactez-nous\/\"]}]},{\"@type\":\"BreadcrumbList\",\"@id\":\"https:\/\/directlinkinsights.com\/fr\/contactez-nous\/#breadcrumb\",\"itemListElement\":[{\"@type\":\"ListItem\",\"position\":1,\"name\":\"Home\",\"item\":\"https:\/\/directlinkinsights.com\/fr\/\"},{\"@type\":\"ListItem\",\"position\":2,\"name\":\"Contactez-nous\"}]},{\"@type\":\"WebSite\",\"@id\":\"https:\/\/directlinkinsights.com\/fr\/#website\",\"url\":\"https:\/\/directlinkinsights.com\/fr\/\",\"name\":\"Direct Link\",\"description\":\"\",\"publisher\":{\"@id\":\"https:\/\/directlinkinsights.com\/fr\/#organization\"},\"potentialAction\":[{\"@type\":\"SearchAction\",\"target\":{\"@type\":\"EntryPoint\",\"urlTemplate\":\"https:\/\/directlinkinsights.com\/fr\/?s={search_term_string}\"},\"query-input\":{\"@type\":\"PropertyValueSpecification\",\"valueRequired\":true,\"valueName\":\"search_term_string\"}}],\"inLanguage\":\"fr-FR\"},{\"@type\":\"Organization\",\"@id\":\"https:\/\/directlinkinsights.com\/fr\/#organization\",\"name\":\"Direct Link\",\"url\":\"https:\/\/directlinkinsights.com\/fr\/\",\"logo\":{\"@type\":\"ImageObject\",\"inLanguage\":\"fr-FR\",\"@id\":\"https:\/\/directlinkinsights.com\/fr\/#\/schema\/logo\/image\/\",\"url\":\"https:\/\/directlinkinsights.com\/wp-content\/uploads\/2024\/07\/directLinkLogo.svg\",\"contentUrl\":\"https:\/\/directlinkinsights.com\/wp-content\/uploads\/2024\/07\/directLinkLogo.svg\",\"width\":228,\"height\":100,\"caption\":\"Direct Link\"},\"image\":{\"@id\":\"https:\/\/directlinkinsights.com\/fr\/#\/schema\/logo\/image\/\"}}]}<\/script>\n<!-- \/ Yoast SEO plugin. -->","yoast_head_json":{"title":"Contactez-nous - Direct Link","robots":{"index":"index","follow":"follow","max-snippet":"max-snippet:-1","max-image-preview":"max-image-preview:large","max-video-preview":"max-video-preview:-1"},"canonical":"https:\/\/directlinkinsights.com\/fr\/contactez-nous\/","og_locale":"fr_FR","og_type":"article","og_title":"Contactez-nous - Direct Link","og_url":"https:\/\/directlinkinsights.com\/fr\/contactez-nous\/","og_site_name":"Direct Link","article_modified_time":"2025-07-10T13:06:58+00:00","twitter_card":"summary_large_image","schema":{"@context":"https:\/\/schema.org","@graph":[{"@type":"WebPage","@id":"https:\/\/directlinkinsights.com\/fr\/contactez-nous\/","url":"https:\/\/directlinkinsights.com\/fr\/contactez-nous\/","name":"Contactez-nous - Direct Link","isPartOf":{"@id":"https:\/\/directlinkinsights.com\/fr\/#website"},"datePublished":"2024-06-12T08:45:28+00:00","dateModified":"2025-07-10T13:06:58+00:00","breadcrumb":{"@id":"https:\/\/directlinkinsights.com\/fr\/contactez-nous\/#breadcrumb"},"inLanguage":"fr-FR","potentialAction":[{"@type":"ReadAction","target":["https:\/\/directlinkinsights.com\/fr\/contactez-nous\/"]}]},{"@type":"BreadcrumbList","@id":"https:\/\/directlinkinsights.com\/fr\/contactez-nous\/#breadcrumb","itemListElement":[{"@type":"ListItem","position":1,"name":"Home","item":"https:\/\/directlinkinsights.com\/fr\/"},{"@type":"ListItem","position":2,"name":"Contactez-nous"}]},{"@type":"WebSite","@id":"https:\/\/directlinkinsights.com\/fr\/#website","url":"https:\/\/directlinkinsights.com\/fr\/","name":"Direct Link","description":"","publisher":{"@id":"https:\/\/directlinkinsights.com\/fr\/#organization"},"potentialAction":[{"@type":"SearchAction","target":{"@type":"EntryPoint","urlTemplate":"https:\/\/directlinkinsights.com\/fr\/?s={search_term_string}"},"query-input":{"@type":"PropertyValueSpecification","valueRequired":true,"valueName":"search_term_string"}}],"inLanguage":"fr-FR"},{"@type":"Organization","@id":"https:\/\/directlinkinsights.com\/fr\/#organization","name":"Direct Link","url":"https:\/\/directlinkinsights.com\/fr\/","logo":{"@type":"ImageObject","inLanguage":"fr-FR","@id":"https:\/\/directlinkinsights.com\/fr\/#\/schema\/logo\/image\/","url":"https:\/\/directlinkinsights.com\/wp-content\/uploads\/2024\/07\/directLinkLogo.svg","contentUrl":"https:\/\/directlinkinsights.com\/wp-content\/uploads\/2024\/07\/directLinkLogo.svg","width":228,"height":100,"caption":"Direct Link"},"image":{"@id":"https:\/\/directlinkinsights.com\/fr\/#\/schema\/logo\/image\/"}}]}},"_links":{"self":[{"href":"https:\/\/directlinkinsights.com\/fr\/wp-json\/wp\/v2\/pages\/483","targetHints":{"allow":["GET"]}}],"collection":[{"href":"https:\/\/directlinkinsights.com\/fr\/wp-json\/wp\/v2\/pages"}],"about":[{"href":"https:\/\/directlinkinsights.com\/fr\/wp-json\/wp\/v2\/types\/page"}],"author":[{"embeddable":true,"href":"https:\/\/directlinkinsights.com\/fr\/wp-json\/wp\/v2\/users\/4"}],"replies":[{"embeddable":true,"href":"https:\/\/directlinkinsights.com\/fr\/wp-json\/wp\/v2\/comments?post=483"}],"version-history":[{"count":0,"href":"https:\/\/directlinkinsights.com\/fr\/wp-json\/wp\/v2\/pages\/483\/revisions"}],"wp:attachment":[{"href":"https:\/\/directlinkinsights.com\/fr\/wp-json\/wp\/v2\/media?parent=483"}],"curies":[{"name":"wp","href":"https:\/\/api.w.org\/{rel}","templated":true}]}}